{"id":58,"date":"2026-03-29T15:53:43","date_gmt":"2026-03-29T15:53:43","guid":{"rendered":"http:\/\/hfufuoy.cluster029.hosting.ovh.net\/?page_id=58"},"modified":"2026-04-03T18:45:11","modified_gmt":"2026-04-03T18:45:11","slug":"contact","status":"publish","type":"page","link":"https:\/\/selleriecreationpassion.fr\/index.php\/contact\/","title":{"rendered":"Contact"},"content":{"rendered":"\n<div class=\"wp-block-columns is-layout-flex wp-container-core-columns-is-layout-28f84493 wp-block-columns-is-layout-flex\">\n<div class=\"wp-block-column is-vertically-aligned-center is-layout-flow wp-block-column-is-layout-flow\">\n<figure class=\"wp-block-image size-full\"><img loading=\"lazy\" decoding=\"async\" width=\"962\" height=\"756\" src=\"https:\/\/selleriecreationpassion.fr\/wp-content\/uploads\/2026\/03\/adresse-Sellerie-Creation-Passion.png\" alt=\"\" class=\"wp-image-59\" srcset=\"https:\/\/selleriecreationpassion.fr\/wp-content\/uploads\/2026\/03\/adresse-Sellerie-Creation-Passion.png 962w, https:\/\/selleriecreationpassion.fr\/wp-content\/uploads\/2026\/03\/adresse-Sellerie-Creation-Passion-300x236.png 300w, https:\/\/selleriecreationpassion.fr\/wp-content\/uploads\/2026\/03\/adresse-Sellerie-Creation-Passion-768x604.png 768w\" sizes=\"auto, (max-width: 962px) 100vw, 962px\" \/><\/figure>\n<\/div>\n\n\n\n<div class=\"wp-block-column is-vertically-aligned-center is-layout-flow wp-block-column-is-layout-flow\">\n<p class=\"has-small-font-size\">Notre atelier de sellerie est situ\u00e9 \u00e0 Nantes, quartier Nantes Erdre \u00e0 proximit\u00e9 du rond-point de Paris, entre le Boulevard des Belges et l&rsquo;Eraudi\u00e8re. <strong><em>Sur RDV uniquement<\/em><\/strong><\/p>\n<\/div>\n<\/div>\n\n\n\n<div class=\"wp-block-columns is-layout-flex wp-container-core-columns-is-layout-28f84493 wp-block-columns-is-layout-flex\">\n<div class=\"wp-block-column is-layout-flow wp-block-column-is-layout-flow\">\n<figure class=\"wp-block-image size-large\"><img loading=\"lazy\" decoding=\"async\" width=\"1024\" height=\"1024\" src=\"https:\/\/selleriecreationpassion.fr\/wp-content\/uploads\/2026\/03\/amy-shamblen-TXg_38oImi0-unsplash-1024x1024.jpg\" alt=\"\" class=\"wp-image-60\" srcset=\"https:\/\/selleriecreationpassion.fr\/wp-content\/uploads\/2026\/03\/amy-shamblen-TXg_38oImi0-unsplash-1024x1024.jpg 1024w, https:\/\/selleriecreationpassion.fr\/wp-content\/uploads\/2026\/03\/amy-shamblen-TXg_38oImi0-unsplash-300x300.jpg 300w, https:\/\/selleriecreationpassion.fr\/wp-content\/uploads\/2026\/03\/amy-shamblen-TXg_38oImi0-unsplash-150x150.jpg 150w, https:\/\/selleriecreationpassion.fr\/wp-content\/uploads\/2026\/03\/amy-shamblen-TXg_38oImi0-unsplash-768x768.jpg 768w, https:\/\/selleriecreationpassion.fr\/wp-content\/uploads\/2026\/03\/amy-shamblen-TXg_38oImi0-unsplash-1536x1536.jpg 1536w, https:\/\/selleriecreationpassion.fr\/wp-content\/uploads\/2026\/03\/amy-shamblen-TXg_38oImi0-unsplash-2048x2048.jpg 2048w\" sizes=\"auto, (max-width: 1024px) 100vw, 1024px\" \/><\/figure>\n<\/div>\n\n\n\n<div class=\"wp-block-column is-vertically-aligned-center is-layout-flow wp-block-column-is-layout-flow\">\n<p class=\"has-small-font-size\"><strong>Nous vous recevons \u00e0 l\u2019atelier sur RDV uniquement.<\/strong><\/p>\n\n\n\n<p class=\"has-text-align-center has-small-font-size\">Appelez-nous au<\/p>\n\n\n\n<p class=\"has-text-align-center has-large-font-size\"><strong><a href=\"tel:0783087250\">07 830 872 50<\/a><\/strong><\/p>\n<\/div>\n<\/div>\n\n\n\n<div class=\"wp-block-columns is-layout-flex wp-container-core-columns-is-layout-28f84493 wp-block-columns-is-layout-flex\">\n<div class=\"wp-block-column is-vertically-aligned-center is-layout-flow wp-block-column-is-layout-flow\">\n<p class=\"has-small-font-size\">N\u2019h\u00e9sitez pas \u00e0 nous \u00e9crire pour nous faire part de vos questions, partager vos projets et envoyer des photos. Pas de devis \u00e9tabli par SMS (on n&rsquo;est pas des robots)<\/p>\n\n\n\n<div class=\"wp-block-buttons has-custom-font-size has-small-font-size is-content-justification-center is-layout-flex wp-container-core-buttons-is-layout-a89b3969 wp-block-buttons-is-layout-flex\" style=\"border-top-left-radius:15px;border-top-right-radius:15px;border-bottom-left-radius:15px;border-bottom-right-radius:15px\">\n<div class=\"wp-block-button\"><a class=\"wp-block-button__link has-base-color has-accent-4-background-color has-text-color has-background has-link-color wp-element-button\" href=\"mailto:selleriecreationpassion@gmail.com\" target=\"_blank\" rel=\"noreferrer noopener\">Nous contacter<\/a><\/div>\n<\/div>\n<\/div>\n\n\n\n<div class=\"wp-block-column is-layout-flow wp-block-column-is-layout-flow\">\n<figure class=\"wp-block-image size-large\"><img loading=\"lazy\" decoding=\"async\" width=\"926\" height=\"1024\" src=\"https:\/\/selleriecreationpassion.fr\/wp-content\/uploads\/2026\/03\/md-mahdi-omdlGQGcoGI-unsplash-926x1024.jpg\" alt=\"\" class=\"wp-image-63\" srcset=\"https:\/\/selleriecreationpassion.fr\/wp-content\/uploads\/2026\/03\/md-mahdi-omdlGQGcoGI-unsplash-926x1024.jpg 926w, https:\/\/selleriecreationpassion.fr\/wp-content\/uploads\/2026\/03\/md-mahdi-omdlGQGcoGI-unsplash-271x300.jpg 271w, https:\/\/selleriecreationpassion.fr\/wp-content\/uploads\/2026\/03\/md-mahdi-omdlGQGcoGI-unsplash-768x850.jpg 768w, https:\/\/selleriecreationpassion.fr\/wp-content\/uploads\/2026\/03\/md-mahdi-omdlGQGcoGI-unsplash-1389x1536.jpg 1389w, https:\/\/selleriecreationpassion.fr\/wp-content\/uploads\/2026\/03\/md-mahdi-omdlGQGcoGI-unsplash-1851x2048.jpg 1851w\" sizes=\"auto, (max-width: 926px) 100vw, 926px\" \/><\/figure>\n<\/div>\n<\/div>\n\n\n\n<div class=\"wp-block-buttons is-horizontal is-content-justification-center is-layout-flex wp-container-core-buttons-is-layout-d485f355 wp-block-buttons-is-layout-flex\" style=\"padding-right:var(--wp--preset--spacing--60);padding-left:var(--wp--preset--spacing--60)\">\n<div class=\"wp-block-button is-style-outline is-style-outline--1\"><a class=\"wp-block-button__link has-background wp-element-button\" href=\"https:\/\/www.google.com\/search?q=sellerie+creation+passion&amp;rlz=1C5MACD_enFR1042FR1042&amp;oq=seller&amp;aqs=chrome.0.69i59j69i57j69i64j69i61l3j69i65l2&amp;sourceid=chrome&amp;ie=UTF-8#mpd=~122402219644662202\/customers\/reviews\" style=\"background-color:#043f4a\">Nos clients parlent de nous <\/a><\/div>\n<\/div>\n\n\n\n<p><\/p>\n","protected":false},"excerpt":{"rendered":"<p>Notre atelier de sellerie est situ\u00e9 \u00e0 Nantes, quartier Nantes Erdre \u00e0 proximit\u00e9 du rond-point de Paris, entre le Boulevard des Belges et l&rsquo;Eraudi\u00e8re. Sur RDV uniquement Nous vous recevons \u00e0 l\u2019atelier sur RDV uniquement. Appelez-nous au 07 830 872 50 N\u2019h\u00e9sitez pas \u00e0 nous \u00e9crire pour nous faire part de vos questions, partager vos [&hellip;]<\/p>\n","protected":false},"author":1,"featured_media":0,"parent":0,"menu_order":0,"comment_status":"closed","ping_status":"closed","template":"","meta":{"footnotes":""},"class_list":["post-58","page","type-page","status-publish","hentry"],"_links":{"self":[{"href":"https:\/\/selleriecreationpassion.fr\/index.php\/wp-json\/wp\/v2\/pages\/58","targetHints":{"allow":["GET"]}}],"collection":[{"href":"https:\/\/selleriecreationpassion.fr\/index.php\/wp-json\/wp\/v2\/pages"}],"about":[{"href":"https:\/\/selleriecreationpassion.fr\/index.php\/wp-json\/wp\/v2\/types\/page"}],"author":[{"embeddable":true,"href":"https:\/\/selleriecreationpassion.fr\/index.php\/wp-json\/wp\/v2\/users\/1"}],"replies":[{"embeddable":true,"href":"https:\/\/selleriecreationpassion.fr\/index.php\/wp-json\/wp\/v2\/comments?post=58"}],"version-history":[{"count":14,"href":"https:\/\/selleriecreationpassion.fr\/index.php\/wp-json\/wp\/v2\/pages\/58\/revisions"}],"predecessor-version":[{"id":247,"href":"https:\/\/selleriecreationpassion.fr\/index.php\/wp-json\/wp\/v2\/pages\/58\/revisions\/247"}],"wp:attachment":[{"href":"https:\/\/selleriecreationpassion.fr\/index.php\/wp-json\/wp\/v2\/media?parent=58"}],"curies":[{"name":"wp","href":"https:\/\/api.w.org\/{rel}","templated":true}]}}